{"id":319,"date":"2022-10-25T09:41:12","date_gmt":"2022-10-25T06:41:12","guid":{"rendered":"https:\/\/jp-set.fi\/?page_id=319"},"modified":"2026-02-02T11:29:58","modified_gmt":"2026-02-02T09:29:58","slug":"contact-us","status":"publish","type":"page","link":"https:\/\/jp-set.fi\/en\/contact-us\/","title":{"rendered":"Contact us"},"content":{"rendered":"<div id=\"pl-319\"  class=\"panel-layout\" ><div id=\"pg-319-0\"  class=\"panel-grid panel-no-style\" ><div id=\"pgc-319-0-0\"  class=\"panel-grid-cell panel-grid-cell-empty\" ><\/div><div id=\"pgc-319-0-1\"  class=\"panel-grid-cell panel-grid-cell-mobile-last\" ><div id=\"panel-319-0-1-0\" class=\"so-panel widget widget_sow-editor panel-first-child panel-last-child\" data-index=\"0\" ><div\n\t\t\t\n\t\t\tclass=\"so-widget-sow-editor so-widget-sow-editor-base\"\n\t\t\t\n\t\t>\n<div class=\"siteorigin-widget-tinymce textwidget\">\n\t<h1 class=\"h4 font-light color-black mb-3\" style=\"text-align: center;\">JP-Set Ltd<\/h1>\n<h2 class=\"display-2 color-primary\" style=\"text-align: center;\">Contact us<\/h2>\n<\/div>\n<\/div><\/div><\/div><div id=\"pgc-319-0-2\"  class=\"panel-grid-cell panel-grid-cell-empty\" ><\/div><\/div><div id=\"pg-319-1\"  class=\"panel-grid panel-no-style\" ><div id=\"pgc-319-1-0\"  class=\"panel-grid-cell panel-grid-cell-empty\" ><\/div><div id=\"pgc-319-1-1\"  class=\"panel-grid-cell panel-grid-cell-mobile-last\" ><div id=\"panel-319-1-1-0\" class=\"so-panel widget widget_sow-editor panel-first-child panel-last-child\" data-index=\"1\" ><div class=\"panel-widget-style panel-widget-style-for-319-1-1-0\" ><div\n\t\t\t\n\t\t\tclass=\"so-widget-sow-editor so-widget-sow-editor-base\"\n\t\t\t\n\t\t>\n<div class=\"siteorigin-widget-tinymce textwidget\">\n\t<div class=\"rwmb-field rwmb-text-wrapper\">\n<div class=\"rwmb-input\">\n<p id=\"digitaali_company_name-description\" class=\"description\" style=\"text-align: center;\"><strong>JP-Set Oy<br \/>\n<\/strong><span style=\"text-align: center;\">Simpalantie 18<br \/>\n<\/span>58420 Silvola<\/p>\n<\/div>\n<\/div>\n<p style=\"text-align: center;\"><a href=\"tel:015252437\">015 252 437<\/a><br \/>\ninfo@jp-set.fi<\/p>\n<\/div>\n<\/div><\/div><\/div><\/div><div id=\"pgc-319-1-2\"  class=\"panel-grid-cell panel-grid-cell-empty\" ><\/div><\/div><div id=\"pg-319-2\"  class=\"panel-grid panel-no-style\" ><div id=\"pgc-319-2-0\"  class=\"panel-grid-cell\" ><div id=\"panel-319-2-0-0\" class=\"so-panel widget widget_sow-editor panel-first-child panel-last-child\" data-index=\"2\" ><div\n\t\t\t\n\t\t\tclass=\"so-widget-sow-editor so-widget-sow-editor-base\"\n\t\t\t\n\t\t>\n<div class=\"siteorigin-widget-tinymce textwidget\">\n\t\n<section id=\"personnel\">\n\n    <div class=\"row justify-content-center\">\n\n                     \n            <div class=\"col-12 col-md-6 col-lg-4 mb-4\">\n\n              <div class=\"person\">\n\n  \n\t\t\n\t\t<div class=\"digitaali-ratio-image embed-responsive embed-responsive-1by1 \">\n\t\t\t<div class=\"embed-responsive-item person-image cover post-thumbnail cover\" \n\t\t\t\t data-dg-bgimage-src=\"https:\/\/jp-set.fi\/wp-content\/uploads\/2022\/10\/tuomo-jep-set-480x480.jpg\" \t\t\t\t  \n\t\t\t\t>\n\t\t\t\t<\/div>\n\t\t<\/div>\n\n\t\t\n\n\t\n\t\n  <div class=\"info\">\n\n    <div class=\"person-name\">Tuomo Kytt\u00e4l\u00e4<\/div><div class=\"person-roles\"><span class=\"person-role\">Managing Director<\/span><\/div><div class=\"phonenumbers\"><span class=\"person-phone\"><a href=\"tel:+358500900639\">+358 500 900 639<\/a><\/span><\/div><div class=\"person-email-addresses\"><span class=\"person-email\"><span class=\"maddr\" role=\"link\" aria-label=\"L\u00e4het\u00e4 s\u00e4hk\u00f6postia tuomo.kyttalajp-set.fi\">tuomo.kyttala<span class=\"at\">jp-set.fi<\/span><\/span><\/span><\/div>\n  <\/div><!-- \/.info -->\n\n<\/div><!-- \/.person -->\n\n            <\/div><!-- .col -->\n\n                    \n            <div class=\"col-12 col-md-6 col-lg-4 mb-4\">\n\n              <div class=\"person\">\n\n  \n\t\t\n\t\t<div class=\"digitaali-ratio-image embed-responsive embed-responsive-1by1 \">\n\t\t\t<div class=\"embed-responsive-item person-image cover post-thumbnail cover\" \n\t\t\t\t data-dg-bgimage-src=\"https:\/\/jp-set.fi\/wp-content\/uploads\/2022\/10\/timo-jep-set-480x480.jpg\" \t\t\t\t  \n\t\t\t\t>\n\t\t\t\t<\/div>\n\t\t<\/div>\n\n\t\t\n\n\t\n\t\n  <div class=\"info\">\n\n    <div class=\"person-name\">Timo Piepponen<\/div><div class=\"person-roles\"><span class=\"person-role\">Technical supervisor<\/span><\/div><div class=\"phonenumbers\"><span class=\"person-phone\"><a href=\"tel:+358505310811\">+358 50 531 0811<\/a><\/span><\/div><div class=\"person-email-addresses\"><span class=\"person-email\"><span class=\"maddr\" role=\"link\" aria-label=\"L\u00e4het\u00e4 s\u00e4hk\u00f6postia timo.piepponenjp-set.fi\">timo.piepponen<span class=\"at\">jp-set.fi<\/span><\/span><\/span><\/div>\n  <\/div><!-- \/.info -->\n\n<\/div><!-- \/.person -->\n\n            <\/div><!-- .col -->\n\n                    \n            <div class=\"col-12 col-md-6 col-lg-4 mb-4\">\n\n              <div class=\"person\">\n\n  \n\t\t\n\t\t<div class=\"digitaali-ratio-image embed-responsive embed-responsive-1by1 \">\n\t\t\t<div class=\"embed-responsive-item person-image cover post-thumbnail cover\" \n\t\t\t\t data-dg-bgimage-src=\"https:\/\/jp-set.fi\/wp-content\/uploads\/2022\/10\/jouko-jep-set-480x480.jpg\" \t\t\t\t  \n\t\t\t\t>\n\t\t\t\t<\/div>\n\t\t<\/div>\n\n\t\t\n\n\t\n\t\n  <div class=\"info\">\n\n    <div class=\"person-name\">Jouko Siljanen<\/div><div class=\"person-roles\"><span class=\"person-role\">Welding engineer IWE<\/span><\/div><div class=\"phonenumbers\"><span class=\"person-phone\"><a href=\"tel:+358500925120\">+358 500 925 120<\/a><\/span><\/div><div class=\"person-email-addresses\"><span class=\"person-email\"><span class=\"maddr\" role=\"link\" aria-label=\"L\u00e4het\u00e4 s\u00e4hk\u00f6postia jouko.siljanenjp-set.fi\">jouko.siljanen<span class=\"at\">jp-set.fi<\/span><\/span><\/span><\/div>\n  <\/div><!-- \/.info -->\n\n<\/div><!-- \/.person -->\n\n            <\/div><!-- .col -->\n\n                    \n            <div class=\"col-12 col-md-6 col-lg-4 mb-4\">\n\n              <div class=\"person\">\n\n  \n\t\t\n\t\t<div class=\"digitaali-ratio-image embed-responsive embed-responsive-1by1 \">\n\t\t\t<div class=\"embed-responsive-item person-image cover post-thumbnail cover\" \n\t\t\t\t data-dg-bgimage-src=\"https:\/\/jp-set.fi\/wp-content\/uploads\/2022\/12\/jere_jep-set-480x480.jpg\" \t\t\t\t  \n\t\t\t\t>\n\t\t\t\t<\/div>\n\t\t<\/div>\n\n\t\t\n\n\t\n\t\n  <div class=\"info\">\n\n    <div class=\"person-name\">Jere Kankkunen<\/div><div class=\"person-roles\"><span class=\"person-role\">Production manager<\/span><\/div><div class=\"phonenumbers\"><span class=\"person-phone\"><a href=\"tel:+358451301845\">+358 45 130 1845<\/a><\/span><\/div><div class=\"person-email-addresses\"><span class=\"person-email\"><span class=\"maddr\" role=\"link\" aria-label=\"L\u00e4het\u00e4 s\u00e4hk\u00f6postia jere.kankkunenykkoskaide.fi\">jere.kankkunen<span class=\"at\">ykkoskaide.fi<\/span><\/span><\/span><\/div>\n  <\/div><!-- \/.info -->\n\n<\/div><!-- \/.person -->\n\n            <\/div><!-- .col -->\n\n                    \n            <div class=\"col-12 col-md-6 col-lg-4 mb-4\">\n\n              <div class=\"person\">\n\n  \n\t\t\n\t\t<div class=\"digitaali-ratio-image embed-responsive embed-responsive-1by1 \">\n\t\t\t<div class=\"embed-responsive-item person-image cover post-thumbnail cover\" \n\t\t\t\t data-dg-bgimage-src=\"https:\/\/jp-set.fi\/wp-content\/uploads\/2022\/12\/pyry-jep-set-480x480.jpg\" \t\t\t\t  \n\t\t\t\t>\n\t\t\t\t<\/div>\n\t\t<\/div>\n\n\t\t\n\n\t\n\t\n  <div class=\"info\">\n\n    <div class=\"person-name\">Pyry Kosonen<\/div><div class=\"person-roles\"><span class=\"person-role\">Project engineer<\/span><\/div><div class=\"phonenumbers\"><span class=\"person-phone\"><a href=\"tel:+358505331572\">+358 50 533 1572<\/a><\/span><\/div><div class=\"person-email-addresses\"><span class=\"person-email\"><span class=\"maddr\" role=\"link\" aria-label=\"L\u00e4het\u00e4 s\u00e4hk\u00f6postia pyry.kosonenjp-set.fi\">pyry.kosonen<span class=\"at\">jp-set.fi<\/span><\/span><\/span><\/div>\n  <\/div><!-- \/.info -->\n\n<\/div><!-- \/.person -->\n\n            <\/div><!-- .col -->\n\n                    \n            <div class=\"col-12 col-md-6 col-lg-4 mb-4\">\n\n              <div class=\"person\">\n\n  \n\t\t\n\t\t<div class=\"digitaali-ratio-image embed-responsive embed-responsive-1by1 \">\n\t\t\t<div class=\"embed-responsive-item person-image cover post-thumbnail cover\" \n\t\t\t\t data-dg-bgimage-src=\"https:\/\/jp-set.fi\/wp-content\/uploads\/2022\/10\/toni-jep-set-480x480.jpg\" \t\t\t\t  \n\t\t\t\t>\n\t\t\t\t<\/div>\n\t\t<\/div>\n\n\t\t\n\n\t\n\t\n  <div class=\"info\">\n\n    <div class=\"person-name\">Toni Pesonen<\/div><div class=\"person-roles\"><span class=\"person-role\">Chairman of the board<\/span><\/div><div class=\"phonenumbers\"><span class=\"person-phone\"><a href=\"tel:+358505945035\">+358 50 594 5035<\/a><\/span><\/div><div class=\"person-email-addresses\"><span class=\"person-email\"><span class=\"maddr\" role=\"link\" aria-label=\"L\u00e4het\u00e4 s\u00e4hk\u00f6postia toni.pesonenjp-set.fi\">toni.pesonen<span class=\"at\">jp-set.fi<\/span><\/span><\/span><\/div>\n  <\/div><!-- \/.info -->\n\n<\/div><!-- \/.person -->\n\n            <\/div><!-- .col -->\n\n        \n    <\/div><!-- .row -->\n\n<\/section><!-- #personnel -->\n\n\n<\/div>\n<\/div><\/div><\/div><\/div><div id=\"pg-319-3\"  class=\"panel-grid panel-has-style\" ><div class=\"white-texts-all siteorigin-panels-stretch panel-row-style panel-row-style-for-319-3\" data-stretch-type=\"full-width-stretch\" ><div id=\"pgc-319-3-0\"  class=\"panel-grid-cell\" ><div id=\"panel-319-3-0-0\" class=\"so-panel widget widget_sow-editor panel-first-child\" data-index=\"3\" ><div class=\"panel-widget-style panel-widget-style-for-319-3-0-0\" ><div\n\t\t\t\n\t\t\tclass=\"so-widget-sow-editor so-widget-sow-editor-base\"\n\t\t\t\n\t\t>\n<div class=\"siteorigin-widget-tinymce textwidget\">\n\t<h2 class=\"h1\" style=\"text-align: center;\">Requests for quotations<\/h2>\n<p style=\"text-align: center;\"><a href=\"tel:+35815252437\">+358 15 252 437<\/a><br \/>\n<span class=\"maddr\" role=\"link\" aria-label=\"L\u00e4het\u00e4 s\u00e4hk\u00f6postia infojp-set.fi\">info<span class=\"at\">jp-set.fi<\/span><\/span><\/p>\n<\/div>\n<\/div><\/div><\/div><div id=\"panel-319-3-0-1\" class=\"so-panel widget widget_sow-editor\" data-index=\"4\" ><div class=\"panel-widget-style panel-widget-style-for-319-3-0-1\" ><div\n\t\t\t\n\t\t\tclass=\"so-widget-sow-editor so-widget-sow-editor-base\"\n\t\t\t\n\t\t>\n<div class=\"siteorigin-widget-tinymce textwidget\">\n\t<h2 class=\"h1\" style=\"text-align: center;\">Billing information<\/h2>\n<p style=\"text-align: center;\">Unit: JP-Set Oy, 0843035-5<br \/>Online invoicing address (OVT ID): 003708430355<br \/>Appellant:Maventa (003721291126)<\/p>\n<p style=\"text-align: center;\">JP-Set Oy<br \/>08430355<br \/>PL 100<br \/>80020 Kollektor Scan<\/p>\n<\/div>\n<\/div><\/div><\/div><div id=\"panel-319-3-0-2\" class=\"widget_text so-panel widget widget_custom_html panel-last-child\" data-index=\"5\" ><div class=\"textwidget custom-html-widget\"><div class=\"iframe-container\"><iframe src=\"https:\/\/www.google.com\/maps\/embed?pb=!1m18!1m12!1m3!1d1881.6326991532317!2d29.10629251626974!3d61.861233912522366!2m3!1f0!2f0!3f0!3m2!1i1024!2i768!4f13.1!3m3!1m2!1s0x469a4920b698be99%3A0xdef52d044e1db251!2sSimpalantie%2018%2C%2058420%20Savonlinna!5e0!3m2!1sfi!2sfi!4v1671432251797!5m2!1sfi!2sfi\" width=\"400\" height=\"300\" style=\"border:0;\" allowfullscreen=\"\" loading=\"lazy\" referrerpolicy=\"no-referrer-when-downgrade\"><\/iframe><\/div><\/div><\/div><\/div><\/div><\/div><\/div>","protected":false},"excerpt":{"rendered":"<p>JP-Set Ltd Contact us JP-Set Oy Simpalantie 18 58420 Silvola 015 252 437 info@jp-set.fi<\/p>\n","protected":false},"author":2,"featured_media":466,"parent":0,"menu_order":0,"comment_status":"closed","ping_status":"closed","template":"template-page-wide-content.php","meta":{"footnotes":""},"class_list":["post-319","page","type-page","status-publish","has-post-thumbnail","hentry"],"yoast_head":"<!-- This site is optimized with the Yoast SEO plugin v27.5 - https:\/\/yoast.com\/product\/yoast-seo-wordpress\/ -->\n<title>Contact us - JP-Set<\/title>\n<meta name=\"robots\" content=\"index, follow, max-snippet:-1, max-image-preview:large, max-video-preview:-1\" \/>\n<link rel=\"canonical\" href=\"https:\/\/jp-set.fi\/en\/contact-us\/\" \/>\n<meta property=\"og:locale\" content=\"en_US\" \/>\n<meta property=\"og:type\" content=\"article\" \/>\n<meta property=\"og:title\" content=\"Contact us - JP-Set\" \/>\n<meta property=\"og:description\" content=\"JP-Set Ltd Contact us JP-Set Oy Simpalantie 18 58420 Silvola 015 252 437 info@jp-set.fi\" \/>\n<meta property=\"og:url\" content=\"https:\/\/jp-set.fi\/en\/contact-us\/\" \/>\n<meta property=\"og:site_name\" content=\"JP-Set\" \/>\n<meta property=\"article:modified_time\" content=\"2026-02-02T09:29:58+00:00\" \/>\n<meta property=\"og:image\" content=\"https:\/\/jp-set.fi\/wp-content\/uploads\/2022\/12\/JP-SET_2022_DIGITAALI-4-e1671101184457.jpg\" \/>\n\t<meta property=\"og:image:width\" content=\"2400\" \/>\n\t<meta property=\"og:image:height\" content=\"1600\" \/>\n\t<meta property=\"og:image:type\" content=\"image\/jpeg\" \/>\n<meta name=\"twitter:card\" content=\"summary_large_image\" \/>\n<meta name=\"twitter:label1\" content=\"Est. reading time\" \/>\n\t<meta name=\"twitter:data1\" content=\"1 minute\" \/>\n<script type=\"application\/ld+json\" class=\"yoast-schema-graph\">{\"@context\":\"https:\\\/\\\/schema.org\",\"@graph\":[{\"@type\":\"WebPage\",\"@id\":\"https:\\\/\\\/jp-set.fi\\\/en\\\/contact-us\\\/\",\"url\":\"https:\\\/\\\/jp-set.fi\\\/en\\\/contact-us\\\/\",\"name\":\"Contact us - JP-Set\",\"isPartOf\":{\"@id\":\"https:\\\/\\\/jp-set.fi\\\/#website\"},\"primaryImageOfPage\":{\"@id\":\"https:\\\/\\\/jp-set.fi\\\/en\\\/contact-us\\\/#primaryimage\"},\"image\":{\"@id\":\"https:\\\/\\\/jp-set.fi\\\/en\\\/contact-us\\\/#primaryimage\"},\"thumbnailUrl\":\"https:\\\/\\\/jp-set.fi\\\/wp-content\\\/uploads\\\/2022\\\/12\\\/JP-SET_2022_DIGITAALI-4-e1671101184457.jpg\",\"datePublished\":\"2022-10-25T06:41:12+00:00\",\"dateModified\":\"2026-02-02T09:29:58+00:00\",\"breadcrumb\":{\"@id\":\"https:\\\/\\\/jp-set.fi\\\/en\\\/contact-us\\\/#breadcrumb\"},\"inLanguage\":\"en-US\",\"potentialAction\":[{\"@type\":\"ReadAction\",\"target\":[\"https:\\\/\\\/jp-set.fi\\\/en\\\/contact-us\\\/\"]}]},{\"@type\":\"ImageObject\",\"inLanguage\":\"en-US\",\"@id\":\"https:\\\/\\\/jp-set.fi\\\/en\\\/contact-us\\\/#primaryimage\",\"url\":\"https:\\\/\\\/jp-set.fi\\\/wp-content\\\/uploads\\\/2022\\\/12\\\/JP-SET_2022_DIGITAALI-4-e1671101184457.jpg\",\"contentUrl\":\"https:\\\/\\\/jp-set.fi\\\/wp-content\\\/uploads\\\/2022\\\/12\\\/JP-SET_2022_DIGITAALI-4-e1671101184457.jpg\",\"width\":2400,\"height\":1600},{\"@type\":\"BreadcrumbList\",\"@id\":\"https:\\\/\\\/jp-set.fi\\\/en\\\/contact-us\\\/#breadcrumb\",\"itemListElement\":[{\"@type\":\"ListItem\",\"position\":1,\"name\":\"Etusivu\",\"item\":\"https:\\\/\\\/jp-set.fi\\\/en\\\/steel-bender\\\/\"},{\"@type\":\"ListItem\",\"position\":2,\"name\":\"Contact us\"}]},{\"@type\":\"WebSite\",\"@id\":\"https:\\\/\\\/jp-set.fi\\\/#website\",\"url\":\"https:\\\/\\\/jp-set.fi\\\/\",\"name\":\"JP-Set Oy\",\"description\":\"Ter\u00e4ksen taitaja\",\"publisher\":{\"@id\":\"https:\\\/\\\/jp-set.fi\\\/#organization\"},\"alternateName\":\"Ykk\u00f6skaide\",\"potentialAction\":[{\"@type\":\"SearchAction\",\"target\":{\"@type\":\"EntryPoint\",\"urlTemplate\":\"https:\\\/\\\/jp-set.fi\\\/?s={search_term_string}\"},\"query-input\":{\"@type\":\"PropertyValueSpecification\",\"valueRequired\":true,\"valueName\":\"search_term_string\"}}],\"inLanguage\":\"en-US\"},{\"@type\":\"Organization\",\"@id\":\"https:\\\/\\\/jp-set.fi\\\/#organization\",\"name\":\"JP-Set Oy\",\"url\":\"https:\\\/\\\/jp-set.fi\\\/\",\"logo\":{\"@type\":\"ImageObject\",\"inLanguage\":\"en-US\",\"@id\":\"https:\\\/\\\/jp-set.fi\\\/#\\\/schema\\\/logo\\\/image\\\/\",\"url\":\"https:\\\/\\\/jp-set.fi\\\/wp-content\\\/uploads\\\/2022\\\/10\\\/logo-big-1.png\",\"contentUrl\":\"https:\\\/\\\/jp-set.fi\\\/wp-content\\\/uploads\\\/2022\\\/10\\\/logo-big-1.png\",\"width\":543,\"height\":106,\"caption\":\"JP-Set Oy\"},\"image\":{\"@id\":\"https:\\\/\\\/jp-set.fi\\\/#\\\/schema\\\/logo\\\/image\\\/\"}}]}<\/script>\n<!-- \/ Yoast SEO plugin. -->","yoast_head_json":{"title":"Contact us - JP-Set","robots":{"index":"index","follow":"follow","max-snippet":"max-snippet:-1","max-image-preview":"max-image-preview:large","max-video-preview":"max-video-preview:-1"},"canonical":"https:\/\/jp-set.fi\/en\/contact-us\/","og_locale":"en_US","og_type":"article","og_title":"Contact us - JP-Set","og_description":"JP-Set Ltd Contact us JP-Set Oy Simpalantie 18 58420 Silvola 015 252 437 info@jp-set.fi","og_url":"https:\/\/jp-set.fi\/en\/contact-us\/","og_site_name":"JP-Set","article_modified_time":"2026-02-02T09:29:58+00:00","og_image":[{"width":2400,"height":1600,"url":"https:\/\/jp-set.fi\/wp-content\/uploads\/2022\/12\/JP-SET_2022_DIGITAALI-4-e1671101184457.jpg","type":"image\/jpeg"}],"twitter_card":"summary_large_image","twitter_misc":{"Est. reading time":"1 minute"},"schema":{"@context":"https:\/\/schema.org","@graph":[{"@type":"WebPage","@id":"https:\/\/jp-set.fi\/en\/contact-us\/","url":"https:\/\/jp-set.fi\/en\/contact-us\/","name":"Contact us - JP-Set","isPartOf":{"@id":"https:\/\/jp-set.fi\/#website"},"primaryImageOfPage":{"@id":"https:\/\/jp-set.fi\/en\/contact-us\/#primaryimage"},"image":{"@id":"https:\/\/jp-set.fi\/en\/contact-us\/#primaryimage"},"thumbnailUrl":"https:\/\/jp-set.fi\/wp-content\/uploads\/2022\/12\/JP-SET_2022_DIGITAALI-4-e1671101184457.jpg","datePublished":"2022-10-25T06:41:12+00:00","dateModified":"2026-02-02T09:29:58+00:00","breadcrumb":{"@id":"https:\/\/jp-set.fi\/en\/contact-us\/#breadcrumb"},"inLanguage":"en-US","potentialAction":[{"@type":"ReadAction","target":["https:\/\/jp-set.fi\/en\/contact-us\/"]}]},{"@type":"ImageObject","inLanguage":"en-US","@id":"https:\/\/jp-set.fi\/en\/contact-us\/#primaryimage","url":"https:\/\/jp-set.fi\/wp-content\/uploads\/2022\/12\/JP-SET_2022_DIGITAALI-4-e1671101184457.jpg","contentUrl":"https:\/\/jp-set.fi\/wp-content\/uploads\/2022\/12\/JP-SET_2022_DIGITAALI-4-e1671101184457.jpg","width":2400,"height":1600},{"@type":"BreadcrumbList","@id":"https:\/\/jp-set.fi\/en\/contact-us\/#breadcrumb","itemListElement":[{"@type":"ListItem","position":1,"name":"Etusivu","item":"https:\/\/jp-set.fi\/en\/steel-bender\/"},{"@type":"ListItem","position":2,"name":"Contact us"}]},{"@type":"WebSite","@id":"https:\/\/jp-set.fi\/#website","url":"https:\/\/jp-set.fi\/","name":"JP-Set Oy","description":"Ter\u00e4ksen taitaja","publisher":{"@id":"https:\/\/jp-set.fi\/#organization"},"alternateName":"Ykk\u00f6skaide","potentialAction":[{"@type":"SearchAction","target":{"@type":"EntryPoint","urlTemplate":"https:\/\/jp-set.fi\/?s={search_term_string}"},"query-input":{"@type":"PropertyValueSpecification","valueRequired":true,"valueName":"search_term_string"}}],"inLanguage":"en-US"},{"@type":"Organization","@id":"https:\/\/jp-set.fi\/#organization","name":"JP-Set Oy","url":"https:\/\/jp-set.fi\/","logo":{"@type":"ImageObject","inLanguage":"en-US","@id":"https:\/\/jp-set.fi\/#\/schema\/logo\/image\/","url":"https:\/\/jp-set.fi\/wp-content\/uploads\/2022\/10\/logo-big-1.png","contentUrl":"https:\/\/jp-set.fi\/wp-content\/uploads\/2022\/10\/logo-big-1.png","width":543,"height":106,"caption":"JP-Set Oy"},"image":{"@id":"https:\/\/jp-set.fi\/#\/schema\/logo\/image\/"}}]}},"meta_box":{"dg_remove_main_content_top_padding":"0","dg_remove_main_content_bottom_padding":"1","digitaali_slick_slider_image":[],"digitaali_top_hero_hide":"0","digitaali_top_hero_icon":false},"_links":{"self":[{"href":"https:\/\/jp-set.fi\/en\/wp-json\/wp\/v2\/pages\/319","targetHints":{"allow":["GET"]}}],"collection":[{"href":"https:\/\/jp-set.fi\/en\/wp-json\/wp\/v2\/pages"}],"about":[{"href":"https:\/\/jp-set.fi\/en\/wp-json\/wp\/v2\/types\/page"}],"author":[{"embeddable":true,"href":"https:\/\/jp-set.fi\/en\/wp-json\/wp\/v2\/users\/2"}],"replies":[{"embeddable":true,"href":"https:\/\/jp-set.fi\/en\/wp-json\/wp\/v2\/comments?post=319"}],"version-history":[{"count":7,"href":"https:\/\/jp-set.fi\/en\/wp-json\/wp\/v2\/pages\/319\/revisions"}],"predecessor-version":[{"id":1075,"href":"https:\/\/jp-set.fi\/en\/wp-json\/wp\/v2\/pages\/319\/revisions\/1075"}],"wp:featuredmedia":[{"embeddable":true,"href":"https:\/\/jp-set.fi\/en\/wp-json\/wp\/v2\/media\/466"}],"wp:attachment":[{"href":"https:\/\/jp-set.fi\/en\/wp-json\/wp\/v2\/media?parent=319"}],"curies":[{"name":"wp","href":"https:\/\/api.w.org\/{rel}","templated":true}]}}